{"id":10,"date":"2015-03-24T19:56:36","date_gmt":"2015-03-24T19:56:36","guid":{"rendered":"http:\/\/www.smtp-server.net\/?page_id=10"},"modified":"2024-02-27T12:02:03","modified_gmt":"2024-02-27T12:02:03","slug":"smtp-fejl","status":"publish","type":"page","link":"https:\/\/www.smtp-server.net\/da\/smtp-fejl\/","title":{"rendered":"SMTP-fejl"},"content":{"rendered":"<p>Simple Mail Transfer Protocol har en r\u00e6kke tilknyttede fejlkoder, nogle er specifikke for postlevering, mens andre koncentrerer sig om forbindelsessiden af tingene.  Her er nogle af de mest almindelige fejl, og hvad du kan g\u00f8re for at hj\u00e6lpe med at l\u00f8se problemet:-<\/p>\n<h2>Fejlkoder, der starter med 1 - Serverrelateret<\/h2>\n<p><strong>SMTP-fejl 101<\/strong> - Kan ikke oprette forbindelse til serveren. Hvis du ser denne fejl, n\u00e5r du fors\u00f8ger at sende en e-mail, er der stor sandsynlighed for, at du har angivet SMTP-serveren forkert. Dobbelttjek serveren, is\u00e6r dom\u00e6nepr\u00e6fikset, nogle almindelige eksempler omfatter mail. smtp. out. mailout. Hvis du er sikker p\u00e5, at du har den rigtige serveradresse, skal du s\u00f8rge for at bruge det rigtige portnummer. Port 25 er standard, men det kan give sine egne problemer.<\/p>\n<p><strong>SMTP-fejl 111<\/strong> - Forbindelse afvist. I lighed med 101 er l\u00f8sningen ogs\u00e5 den samme.<\/p>\n<h2>Fejlkoder, der starter med 4 - problemer med postlevering\/rutning<\/h2>\n<p><strong>SMTP-fejl 421<\/strong> - Tjenesten er ikke tilg\u00e6ngelig. Dette skyldes normalt, at fjernserveren er nede, og afh\u00e6ngigt af, hvordan tingene er konfigureret, vil det normalt resultere i, at transmissionen automatisk bliver fors\u00f8gt igen senere. Koderne 441 og 442 skyldes lignende omst\u00e6ndigheder.<\/p>\n<p><strong>SMTP-fejl 447<\/strong> - Timeout for beskeder. Du fors\u00f8ger at ramme en stor mailingliste, ikke sandt? Hvis du f\u00e5r denne fejl, s\u00e5 pr\u00f8v f\u00f8rst og fremmest at sende mailen i mindre portioner.<\/p>\n<p><strong>SMTP-fejl 450<\/strong> - Den \u00f8nskede handling er blevet afvist. Dette er en fejl, der fort\u00e6ller, at din e-mailadresse er blevet sortlistet, og at modtagerserveren aktivt afviser den e-mail, du fors\u00f8ger at levere.<\/p>\n<h2>Fejlkoder, der begynder med A 5 - Adresserings-\/SMTP-syntaksfejl<\/h2>\n<p><strong>SMTP-fejl 500<\/strong> - Syntaksfejl. Normalt vil det v\u00e6re din anti-virus, der er skyld i det. Fejl 501 kan ogs\u00e5 forekomme.<\/p>\n<p><strong>SMTP-fejl 503<\/strong> - D\u00e5rlig r\u00e6kkef\u00f8lge. 99 gange ud af hundrede er det et godkendelsesproblem. SMTP-serveren forventer en bestemt type godkendelse, men mailklienten bruger et andet s\u00e6t kommandoer.<\/p>\n<p><strong>SMTP-fejl 512<\/strong> - DNS-problem. Mailserveren for en af dine modtagere kan ikke findes. Dobbelttjek for at sikre, at du ikke har indtastet et ugyldigt dom\u00e6ne.<\/p>\n<p><strong>SMTP-fejl 541<\/strong> - Modtageren har afvist din mail. Din mail er blevet afvist, sandsynligvis p\u00e5 grund af et spamfilter.<\/p>\n<p><strong>SMTP-fejl 550<\/strong> - Modtageren findes ikke. Modtagerserveren fort\u00e6ller dig, at den ikke har den adresse, du har angivet. I dette tilf\u00e6lde skal du finde en anden m\u00e5de at kontakte personen p\u00e5 for at f\u00e5 deres korrekte e-mailadresse.<\/p>\n<p><strong>SMTP-fejl 552<\/strong> - Overskredet lagertildeling. Du har fors\u00f8gt at sende en besked, der er for stor, pr\u00f8v at fjerne\/zippe vedh\u00e6ftede filer. For at v\u00e6re \u00e6rlig er dette sj\u00e6ldent med moderne e-mailkonti, men nogle mindre internetudbydere er stadig ret restriktive med gr\u00e6nser for postkasser og individuelle mails.<\/p>\n<p><strong>SMTP-fejl 554<\/strong> - Levering af post mislykkedes. Dette er en permanent fejl, og af alle koder er det den, du mindst \u00f8nsker at se. Det er generelt en meget god indikation p\u00e5, at du er blevet blacklistet.<\/p>\n<p>Der er mange flere koder, og alle, der begynder med 2, er generelt succes-\/statusopdateringer og ikke noget at bekymre sig om. Problemet med nogle af koderne ovenfor er, at de kan kr\u00e6ve input fra din mailudbyder, hvad enten det er din internetudbyder, en hjemmesidev\u00e6rt eller en tredjeparts mailudbyder. En stor del af disse har meget lidt forst\u00e5else for mailprocessen og kan f\u00e5 dig til at g\u00e5 rundt i cirkler. Det er af den grund, at vi anbefaler at bruge <a href=\"http:\/\/www.smtp-server.net\/da\/SMTPServer.php\/\" target=\"_blank\" rel=\"nofollow noopener noreferrer\">SMTP2Go-server<\/a>, Hele deres forretning er postlevering, og de vil altid forst\u00e5 de problemer, du m\u00e5tte have.<\/p>","protected":false},"excerpt":{"rendered":"<p>Simple Mail Transfer Protocol has a number of associated error codes, some are specific to mail delivery whilst others concentrate on the connection side of things.\u00a0 Here are some of the more common errors and what you can to do to help resolve the issue:- Error Codes Starting With A 1 &#8211; Server Related SMTP <a href=\"https:\/\/www.smtp-server.net\/da\/smtp-fejl\/\" rel=\"nofollow\"><span class=\"sr-only\">Read more about SMTP Errors<\/span>[...]<\/a><\/p>","protected":false},"author":1,"featured_media":0,"parent":0,"menu_order":0,"comment_status":"open","ping_status":"open","template":"","meta":{"footnotes":""},"class_list":["post-10","page","type-page","status-publish","hentry"],"_links":{"self":[{"href":"https:\/\/www.smtp-server.net\/da\/wp-json\/wp\/v2\/pages\/10","targetHints":{"allow":["GET"]}}],"collection":[{"href":"https:\/\/www.smtp-server.net\/da\/wp-json\/wp\/v2\/pages"}],"about":[{"href":"https:\/\/www.smtp-server.net\/da\/wp-json\/wp\/v2\/types\/page"}],"author":[{"embeddable":true,"href":"https:\/\/www.smtp-server.net\/da\/wp-json\/wp\/v2\/users\/1"}],"replies":[{"embeddable":true,"href":"https:\/\/www.smtp-server.net\/da\/wp-json\/wp\/v2\/comments?post=10"}],"version-history":[{"count":6,"href":"https:\/\/www.smtp-server.net\/da\/wp-json\/wp\/v2\/pages\/10\/revisions"}],"predecessor-version":[{"id":350,"href":"https:\/\/www.smtp-server.net\/da\/wp-json\/wp\/v2\/pages\/10\/revisions\/350"}],"wp:attachment":[{"href":"https:\/\/www.smtp-server.net\/da\/wp-json\/wp\/v2\/media?parent=10"}],"curies":[{"name":"wp","href":"https:\/\/api.w.org\/{rel}","templated":true}]}}