{"id":12,"date":"2015-03-24T20:17:32","date_gmt":"2015-03-24T20:17:32","guid":{"rendered":"http:\/\/www.smtp-server.net\/?page_id=12"},"modified":"2015-03-24T21:05:13","modified_gmt":"2015-03-24T21:05:13","slug":"smtp-forklaret","status":"publish","type":"page","link":"https:\/\/www.smtp-server.net\/da\/smtp-forklaret\/","title":{"rendered":"SMTP forklaret"},"content":{"rendered":"<p><strong>SMTP - Simple Mail Transfer Protocol<\/strong><\/p>\n<p>Af alle de webteknologier, der findes, er SMTP nok den, der har underg\u00e5et f\u00e6rrest \u00e6ndringer, den er stadig stort set, som den oprindeligt blev udformet.  Selvf\u00f8lgelig \u00e6ndres autentificeringen fra tid til anden, men kernen i SMTP er forblevet konstant.  Den har dog v\u00e6ret n\u00f8dt til at tilpasse sig. Spam, sortlister og \u00e5bne rel\u00e6er har alle skullet h\u00e5ndteres, og det er denne \u201cbolt on\u201d-tilgang, der har f\u00e5et en vis up\u00e5lidelighed til at snige sig ind. <\/p>\n<p><strong>Hvad g\u00f8r SMTP?<\/strong><\/p>\n<p>SMTP er den proces, hvormed mail sendes mellem servere, og hvis du nogensinde har sendt en e-mail uden for dit lukkede arbejdsmilj\u00f8, har du brugt SMTP.  N\u00e5r du konfigurerer din e-mail-klient, f.eks. Outlook eller Thunderbird, skal du tilf\u00f8je en indg\u00e5ende server (normalt POP3 eller IMAP) og en udg\u00e5ende server, som er SMTP.  N\u00e5r du s\u00e5 sender din e-mail, bliver den leveret via denne SMTP-server til enten modtagerens server direkte eller via en r\u00e6kke mellemliggende servere.  Generelt set er SMTP ikke sikkert.<\/p>\n<p>Der er en r\u00e6kke standardporte, som en SMTP-server lytter p\u00e5. Port 25 bruges i de fleste tilf\u00e6lde, men port 587, 465 og 2525 er ogs\u00e5 almindelige.  Der kan opst\u00e5 problemer, n\u00e5r en internetudbyder blokerer port 25 og begr\u00e6nser brugerne til kun at bruge deres SMTP-server.  Det g\u00f8r de for at stoppe SPAM fra deres netv\u00e6rk, men denne \"kill all\"-tilgang kan skabe problemer for erhvervsbrugere.  Den v\u00e6rste kombination er en internetudbyder, der blokerer port 25 og derefter kun giver adgang til deres SMTP-server fra et bestemt IP-omr\u00e5de.  Resultatet er en bruger, som enten skal bruge et andet s\u00e6t indstillinger, n\u00e5r de ikke bruger deres internetudbyder til at oprette forbindelse, eller som slet ikke kan sende e-mail!  Derfor er der flere tjenester, som udelukkende har til form\u00e5l at g\u00f8re det muligt at bruge en enkelt SMTP-server under alle omst\u00e6ndigheder, normalt ved at lytte p\u00e5 andre porte end de almindelige SMTP-porte.  Et s\u00e5dant eksempel er <a href=\"http:\/\/www.smtp-server.net\/da\/SMTPServer.php\/\" target=\"_blank\" rel=\"nofollow\">SMTP2Go<\/a>.  <\/p>","protected":false},"excerpt":{"rendered":"<p>SMTP &#8211; Simple Mail Transfer Protocol Of all the web technologies out there SMTP is probably the one that has had the least changes, it is still pretty much as it was originally drafted. Sure the authentication changes from time to time but the core of SMTP has remained constant. It has had to adapt <a href=\"https:\/\/www.smtp-server.net\/da\/smtp-forklaret\/\" rel=\"nofollow\"><span class=\"sr-only\">Read more about SMTP Explained<\/span>[...]<\/a><\/p>","protected":false},"author":1,"featured_media":0,"parent":0,"menu_order":0,"comment_status":"open","ping_status":"open","template":"","meta":{"footnotes":""},"class_list":["post-12","page","type-page","status-publish","hentry"],"_links":{"self":[{"href":"https:\/\/www.smtp-server.net\/da\/wp-json\/wp\/v2\/pages\/12","targetHints":{"allow":["GET"]}}],"collection":[{"href":"https:\/\/www.smtp-server.net\/da\/wp-json\/wp\/v2\/pages"}],"about":[{"href":"https:\/\/www.smtp-server.net\/da\/wp-json\/wp\/v2\/types\/page"}],"author":[{"embeddable":true,"href":"https:\/\/www.smtp-server.net\/da\/wp-json\/wp\/v2\/users\/1"}],"replies":[{"embeddable":true,"href":"https:\/\/www.smtp-server.net\/da\/wp-json\/wp\/v2\/comments?post=12"}],"version-history":[{"count":2,"href":"https:\/\/www.smtp-server.net\/da\/wp-json\/wp\/v2\/pages\/12\/revisions"}],"predecessor-version":[{"id":19,"href":"https:\/\/www.smtp-server.net\/da\/wp-json\/wp\/v2\/pages\/12\/revisions\/19"}],"wp:attachment":[{"href":"https:\/\/www.smtp-server.net\/da\/wp-json\/wp\/v2\/media?parent=12"}],"curies":[{"name":"wp","href":"https:\/\/api.w.org\/{rel}","templated":true}]}}