{"id":12,"date":"2015-03-24T20:17:32","date_gmt":"2015-03-24T20:17:32","guid":{"rendered":"http:\/\/www.smtp-server.net\/?page_id=12"},"modified":"2015-03-24T21:05:13","modified_gmt":"2015-03-24T21:05:13","slug":"smtp-erklart","status":"publish","type":"page","link":"https:\/\/www.smtp-server.net\/de\/smtp-erklart\/","title":{"rendered":"SMTP Erkl\u00e4rt"},"content":{"rendered":"<p><strong>SMTP - Einfaches E-Mail-\u00dcbertragungsprotokoll<\/strong><\/p>\n<p>Von allen Webtechnologien ist SMTP wahrscheinlich diejenige, die sich am wenigsten ver\u00e4ndert hat, sie ist immer noch ziemlich genau so, wie sie urspr\u00fcnglich entworfen wurde.  Sicherlich \u00e4ndert sich die Authentifizierung von Zeit zu Zeit, aber der Kern von SMTP ist konstant geblieben.  Es musste jedoch angepasst werden, um Spam, schwarze Listen und offene Relais zu bew\u00e4ltigen, und es ist dieser \u201cBolt-on\u201d-Ansatz, der dazu gef\u00fchrt hat, dass sich eine gewisse Unzuverl\u00e4ssigkeit eingeschlichen hat. <\/p>\n<p><strong>Was macht SMTP?<\/strong><\/p>\n<p>SMTP ist das Verfahren, mit dem E-Mails zwischen Servern \u00fcbertragen werden. Wenn Sie jemals eine E-Mail au\u00dferhalb Ihrer geschlossenen Arbeitsumgebung verschickt haben, haben Sie SMTP verwendet.  Wenn Sie Ihren E-Mail-Client wie Outlook oder Thunderbird konfigurieren, m\u00fcssen Sie einen Eingangsserver (in der Regel POP3 oder IMAP) und einen Ausgangsserver (SMTP) hinzuf\u00fcgen.  Wenn Sie dann Ihre E-Mail versenden, wird sie \u00fcber diesen SMTP-Server entweder direkt an den Server des Empf\u00e4ngers oder \u00fcber eine Reihe von Zwischenservern zugestellt.  Im Allgemeinen ist SMTP nicht sicher.<\/p>\n<p>Es gibt eine Reihe von Standardanschl\u00fcssen, an denen ein SMTP-Server lauscht. In den meisten F\u00e4llen wird Anschluss 25 verwendet, aber auch die Anschl\u00fcsse 587, 465 und 2525 sind \u00fcblich.  Zu Problemen kann es kommen, wenn ein Internetanbieter Port 25 blockiert und damit die Benutzer auf die Nutzung ihres SMTP-Servers beschr\u00e4nkt.  Damit soll verhindert werden, dass SPAM aus dem eigenen Netz kommt, aber dieser \"Kill-all\"-Ansatz kann bei Gesch\u00e4ftskunden zu Problemen f\u00fchren.  Die schlimmste Kombination ist ein ISP, der Port 25 blockiert und den Zugriff auf seinen SMTP-Server nur von einem bestimmten IP-Bereich aus zul\u00e4sst.  Das Ergebnis ist, dass ein Benutzer entweder andere Einstellungen verwenden muss, wenn er nicht \u00fcber seinen ISP eine Verbindung herstellt, oder dass er \u00fcberhaupt keine E-Mails versenden kann!  Aus diesem Grund wurden mehrere Dienste mit der einzigen Absicht eingerichtet, die Verwendung eines einzigen SMTP-Servers unter allen Umst\u00e4nden zu erm\u00f6glichen, indem sie in der Regel auf anderen Ports als den Standard-SMTP-Ports lauschen.  Ein solches Beispiel ist <a href=\"http:\/\/www.smtp-server.net\/de\/SMTPServer.php\/\" target=\"_blank\" rel=\"nofollow\">SMTP2Go<\/a>.  <\/p>","protected":false},"excerpt":{"rendered":"<p>SMTP &#8211; Simple Mail Transfer Protocol Of all the web technologies out there SMTP is probably the one that has had the least changes, it is still pretty much as it was originally drafted. Sure the authentication changes from time to time but the core of SMTP has remained constant. It has had to adapt <a href=\"https:\/\/www.smtp-server.net\/de\/smtp-erklart\/\" rel=\"nofollow\"><span class=\"sr-only\">Read more about SMTP Explained<\/span>[&hellip;]<\/a><\/p>","protected":false},"author":1,"featured_media":0,"parent":0,"menu_order":0,"comment_status":"open","ping_status":"open","template":"","meta":{"footnotes":""},"class_list":["post-12","page","type-page","status-publish","hentry"],"_links":{"self":[{"href":"https:\/\/www.smtp-server.net\/de\/wp-json\/wp\/v2\/pages\/12","targetHints":{"allow":["GET"]}}],"collection":[{"href":"https:\/\/www.smtp-server.net\/de\/wp-json\/wp\/v2\/pages"}],"about":[{"href":"https:\/\/www.smtp-server.net\/de\/wp-json\/wp\/v2\/types\/page"}],"author":[{"embeddable":true,"href":"https:\/\/www.smtp-server.net\/de\/wp-json\/wp\/v2\/users\/1"}],"replies":[{"embeddable":true,"href":"https:\/\/www.smtp-server.net\/de\/wp-json\/wp\/v2\/comments?post=12"}],"version-history":[{"count":2,"href":"https:\/\/www.smtp-server.net\/de\/wp-json\/wp\/v2\/pages\/12\/revisions"}],"predecessor-version":[{"id":19,"href":"https:\/\/www.smtp-server.net\/de\/wp-json\/wp\/v2\/pages\/12\/revisions\/19"}],"wp:attachment":[{"href":"https:\/\/www.smtp-server.net\/de\/wp-json\/wp\/v2\/media?parent=12"}],"curies":[{"name":"wp","href":"https:\/\/api.w.org\/{rel}","templated":true}]}}