{"id":10,"date":"2015-03-24T19:56:36","date_gmt":"2015-03-24T19:56:36","guid":{"rendered":"http:\/\/www.smtp-server.net\/?page_id=10"},"modified":"2024-02-27T12:02:03","modified_gmt":"2024-02-27T12:02:03","slug":"smtp-virheet","status":"publish","type":"page","link":"https:\/\/www.smtp-server.net\/fi\/smtp-virheet\/","title":{"rendered":"SMTP-virheet"},"content":{"rendered":"<p>Simple Mail Transfer Protocol -protokollaan liittyy useita virhekoodeja, joista osa koskee erityisesti postin jakelua ja osa keskittyy asioiden yhteyspuolelle.  Seuraavassa on joitakin yleisimpi\u00e4 virheit\u00e4 ja mit\u00e4 voit tehd\u00e4 ongelman ratkaisemiseksi: -<\/p>\n<h2>Virhekoodit, jotka alkavat numerolla 1 - Palvelimeen liittyv\u00e4t<\/h2>\n<p><strong>SMTP-virhe 101<\/strong> - Ei voi muodostaa yhteytt\u00e4 palvelimeen. Jos n\u00e4et t\u00e4m\u00e4n virheilmoituksen yritt\u00e4ess\u00e4si l\u00e4hett\u00e4\u00e4 s\u00e4hk\u00f6postia, on todenn\u00e4k\u00f6ist\u00e4, ett\u00e4 olet m\u00e4\u00e4ritt\u00e4nyt SMTP-palvelimen v\u00e4\u00e4rin. Tarkista palvelin kahdesti, erityisesti verkkotunnuksen etuliite, joitakin yleisi\u00e4 esimerkkej\u00e4 ovat mail. smtp. out. mailout. mailout. Jos olet varma, ett\u00e4 palvelimen osoite on oikea, varmista, ett\u00e4 k\u00e4yt\u00e4t oikeaa porttinumeroa. Portti 25 on standardi, mutta se voi aiheuttaa omat ongelmansa.<\/p>\n<p><strong>SMTP-virhe 111<\/strong> - Yhteys ev\u00e4tty. Ratkaisu on sama kuin 101:ss\u00e4.<\/p>\n<h2>Virhekoodit, jotka alkavat 4:ll\u00e4 - Postin toimitus- \/ reititysongelmat<\/h2>\n<p><strong>SMTP-virhe 421<\/strong> - Palvelu ei ole k\u00e4ytett\u00e4viss\u00e4. T\u00e4m\u00e4 liittyy yleens\u00e4 siihen, ett\u00e4 et\u00e4palvelin on alhaalla, ja riippuen siit\u00e4, miten asiat on konfiguroitu, l\u00e4hetys yritet\u00e4\u00e4n yleens\u00e4 automaattisesti uudelleen my\u00f6hemmin. Koodit 441 ja 442 johtuvat samankaltaisista olosuhteista.<\/p>\n<p><strong>SMTP-virhe 447<\/strong> - Viestin aikakatkaisu. Yrit\u00e4t vasaroida suurta postituslistaa, etk\u00f6 yrit\u00e4kin? Jos saat t\u00e4m\u00e4n virheen, yrit\u00e4 ensin l\u00e4hett\u00e4\u00e4 posti pienemmiss\u00e4 eriss\u00e4.<\/p>\n<p><strong>SMTP-virhe 450<\/strong> - Pyydetty toimenpide on hyl\u00e4tty. T\u00e4m\u00e4 on varoittava virheilmoitus siit\u00e4, ett\u00e4 s\u00e4hk\u00f6postiosoitteesi on mustalla listalla, eli vastaanottajan palvelin hylk\u00e4\u00e4 aktiivisesti s\u00e4hk\u00f6postin, jota yrit\u00e4t toimittaa.<\/p>\n<h2>A-kirjaimella alkavat virhekoodit 5 - Osoitteisto-\/ SMTP-syntaksivirheet<\/h2>\n<p><strong>SMTP-virhe 500<\/strong> - Syntaksivirhe. Yleens\u00e4 syyllinen on virustorjuntasi. My\u00f6s virhe 501 voi esiinty\u00e4.<\/p>\n<p><strong>SMTP-virhe 503<\/strong> - Huono jakso. 99 kertaa sadasta t\u00e4m\u00e4 on todennusongelma, kun SMTP-palvelin odottaa tietynlaista todennusta, mutta s\u00e4hk\u00f6postiohjelma k\u00e4ytt\u00e4\u00e4 eri komentoja.<\/p>\n<p><strong>SMTP-virhe 512<\/strong> - DNS-ongelma. Yhden vastaanottajan s\u00e4hk\u00f6postipalvelinta ei l\u00f6ydy, tarkista kahdesti, ettet ole antanut virheellist\u00e4 verkkotunnusta.<\/p>\n<p><strong>SMTP-virhe 541<\/strong> - Vastaanottaja on hyl\u00e4nnyt viestisi. Postisi on hyl\u00e4tty, todenn\u00e4k\u00f6isesti roskapostisuodattimen takia.<\/p>\n<p><strong>SMTP-virhe 550<\/strong> - Vastaanottajaa ei ole olemassa. Vastaanottava palvelin ilmoittaa, ett\u00e4 sill\u00e4 ei ole antamaasi osoitetta. T\u00e4ss\u00e4 tapauksessa sinun on l\u00f6ydett\u00e4v\u00e4 toinen tapa ottaa yhteytt\u00e4 henkil\u00f6\u00f6n saadaksesi h\u00e4nen oikean s\u00e4hk\u00f6postiosoitteensa.<\/p>\n<p><strong>SMTP-virhe 552<\/strong> - Tallennustilan varaus ylitetty. Olet yritt\u00e4nyt l\u00e4hett\u00e4\u00e4 liian ison viestin, yrit\u00e4 poistaa\/pakkaa liitetiedostot. Rehellisesti sanottuna t\u00e4m\u00e4 on harvinaista nykyaikaisilla s\u00e4hk\u00f6postitileill\u00e4, mutta jotkin pienemm\u00e4t Internet-palveluntarjoajat rajoittavat edelleen postilaatikko- ja yksitt\u00e4isten s\u00e4hk\u00f6postien m\u00e4\u00e4r\u00e4\u00e4 melko tiukasti.<\/p>\n<p><strong>SMTP-virhe 554<\/strong> - Postin toimitus ep\u00e4onnistui. T\u00e4m\u00e4 on pysyv\u00e4 virhe, ja kaikista koodeista se on se, jota et halua n\u00e4hd\u00e4. Se on yleens\u00e4 eritt\u00e4in hyv\u00e4 merkki siit\u00e4, ett\u00e4 olet joutunut mustalle listalle.<\/p>\n<p>Koodeja on useita muitakin, mutta kaikki koodit, jotka alkavat 2:lla, ovat yleens\u00e4 onnistuneita\/tilap\u00e4ivityksi\u00e4, eik\u00e4 niist\u00e4 tarvitse huolehtia. Joidenkin edell\u00e4 mainittujen koodien ongelmana on se, ett\u00e4 ne saattavat vaatia jonkin verran panostusta s\u00e4hk\u00f6postipalveluntarjoajalta, olipa se sitten ISP:si, verkkosivuston is\u00e4nt\u00e4 tai kolmannen osapuolen s\u00e4hk\u00f6postipalveluntarjoaja. Monet n\u00e4ist\u00e4 eiv\u00e4t ymm\u00e4rr\u00e4 postiprosessia juuri lainkaan, ja voit joutua py\u00f6rim\u00e4\u00e4n ympyr\u00f6iss\u00e4. T\u00e4st\u00e4 syyst\u00e4 suosittelemme, ett\u00e4 k\u00e4yt\u00e4mme <a href=\"http:\/\/www.smtp-server.net\/fi\/SMTPServer.php\/\" target=\"_blank\" rel=\"nofollow noopener noreferrer\">SMTP2Go-palvelin<\/a>, Heid\u00e4n koko liiketoimintansa on postin jakelu, ja he ymm\u00e4rt\u00e4v\u00e4t aina kaikki mahdolliset ongelmasi.<\/p>","protected":false},"excerpt":{"rendered":"<p>Simple Mail Transfer Protocol has a number of associated error codes, some are specific to mail delivery whilst others concentrate on the connection side of things.\u00a0 Here are some of the more common errors and what you can to do to help resolve the issue:- Error Codes Starting With A 1 &#8211; Server Related SMTP <a href=\"https:\/\/www.smtp-server.net\/fi\/smtp-virheet\/\" rel=\"nofollow\"><span class=\"sr-only\">Read more about SMTP Errors<\/span>[...]<\/a><\/p>","protected":false},"author":1,"featured_media":0,"parent":0,"menu_order":0,"comment_status":"open","ping_status":"open","template":"","meta":{"footnotes":""},"class_list":["post-10","page","type-page","status-publish","hentry"],"_links":{"self":[{"href":"https:\/\/www.smtp-server.net\/fi\/wp-json\/wp\/v2\/pages\/10","targetHints":{"allow":["GET"]}}],"collection":[{"href":"https:\/\/www.smtp-server.net\/fi\/wp-json\/wp\/v2\/pages"}],"about":[{"href":"https:\/\/www.smtp-server.net\/fi\/wp-json\/wp\/v2\/types\/page"}],"author":[{"embeddable":true,"href":"https:\/\/www.smtp-server.net\/fi\/wp-json\/wp\/v2\/users\/1"}],"replies":[{"embeddable":true,"href":"https:\/\/www.smtp-server.net\/fi\/wp-json\/wp\/v2\/comments?post=10"}],"version-history":[{"count":6,"href":"https:\/\/www.smtp-server.net\/fi\/wp-json\/wp\/v2\/pages\/10\/revisions"}],"predecessor-version":[{"id":350,"href":"https:\/\/www.smtp-server.net\/fi\/wp-json\/wp\/v2\/pages\/10\/revisions\/350"}],"wp:attachment":[{"href":"https:\/\/www.smtp-server.net\/fi\/wp-json\/wp\/v2\/media?parent=10"}],"curies":[{"name":"wp","href":"https:\/\/api.w.org\/{rel}","templated":true}]}}