{"id":14,"date":"2015-03-24T20:45:10","date_gmt":"2015-03-24T20:45:10","guid":{"rendered":"http:\/\/www.smtp-server.net\/?page_id=14"},"modified":"2015-03-24T20:52:08","modified_gmt":"2015-03-24T20:52:08","slug":"tietosuojakaytanto","status":"publish","type":"page","link":"https:\/\/www.smtp-server.net\/fi\/tietosuojakaytanto\/","title":{"rendered":"Tietosuojak\u00e4yt\u00e4nt\u00f6"},"content":{"rendered":"<p>T\u00e4m\u00e4 tietosuojak\u00e4yt\u00e4nt\u00f6 s\u00e4\u00e4ntelee tapaa, jolla SMTP Software Ltd ker\u00e4\u00e4, k\u00e4ytt\u00e4\u00e4, yll\u00e4pit\u00e4\u00e4 ja luovuttaa www.smtp-server.net -sivuston (\u201cSivusto\u201d) k\u00e4ytt\u00e4jilt\u00e4 (\u201cK\u00e4ytt\u00e4j\u00e4\u201d) ker\u00e4ttyj\u00e4 tietoja. T\u00e4m\u00e4 tietosuojak\u00e4yt\u00e4nt\u00f6 koskee Sivustoa ja kaikkia SMTP Software Ltd:n tarjoamia tuotteita ja palveluita.<\/p>\n<p>Henkil\u00f6kohtaiset tunnistetiedot<\/p>\n<p>Voimme ker\u00e4t\u00e4 henkil\u00f6kohtaisia tunnistetietoja K\u00e4ytt\u00e4jilt\u00e4 eri tavoin Sivustollamme tarjoamiemme toimintojen, palvelujen, ominaisuuksien tai resurssien yhteydess\u00e4. K\u00e4ytt\u00e4j\u00e4t voivat vierailla Sivustollamme nimett\u00f6min\u00e4. Ker\u00e4\u00e4mme henkil\u00f6kohtaisia tunnistetietoja K\u00e4ytt\u00e4jilt\u00e4 vain, jos he vapaaehtoisesti antavat meille t\u00e4llaisia tietoja. K\u00e4ytt\u00e4j\u00e4t voivat aina kielt\u00e4yty\u00e4 antamasta henkil\u00f6kohtaisia tunnistetietoja, paitsi ett\u00e4 se voi est\u00e4\u00e4 heit\u00e4 osallistumasta tiettyihin Sivustoon liittyviin toimintoihin.<\/p>\n<p>Muut kuin henkil\u00f6kohtaiset tunnistetiedot<\/p>\n<p>Saatamme ker\u00e4t\u00e4 muita kuin henkil\u00f6kohtaisia tunnistetietoja K\u00e4ytt\u00e4jist\u00e4, kun he ovat vuorovaikutuksessa Sivustomme kanssa. Ei-henkil\u00f6kohtaisia tunnistetietoja voivat olla selaimen nimi, tietokonetyyppi ja teknisi\u00e4 tietoja k\u00e4ytt\u00e4j\u00e4n tavasta muodostaa yhteys sivustollemme, kuten k\u00e4ytt\u00f6j\u00e4rjestelm\u00e4 ja k\u00e4ytetyt Internet-palveluntarjoajat, sek\u00e4 muita vastaavia tietoja.<\/p>\n<p>Verkkoselaimen ev\u00e4steet<\/p>\n<p>Sivustomme voi k\u00e4ytt\u00e4\u00e4 \u201cev\u00e4steit\u00e4\u201d k\u00e4ytt\u00e4j\u00e4kokemuksen parantamiseksi. K\u00e4ytt\u00e4j\u00e4n verkkoselain tallentaa ev\u00e4steit\u00e4 k\u00e4ytt\u00e4j\u00e4n kiintolevylle tietojen tallentamista varten ja joskus my\u00f6s h\u00e4nt\u00e4 koskevien tietojen seuraamiseksi. K\u00e4ytt\u00e4j\u00e4 voi halutessaan asettaa selaimensa hylk\u00e4\u00e4m\u00e4\u00e4n ev\u00e4steet tai h\u00e4lytt\u00e4m\u00e4\u00e4n, kun ev\u00e4steit\u00e4 l\u00e4hetet\u00e4\u00e4n. Jos h\u00e4n tekee n\u00e4in, huomaa, ett\u00e4 jotkin sivuston osat eiv\u00e4t ehk\u00e4 toimi kunnolla.<\/p>\n<p>Miten k\u00e4yt\u00e4mme ker\u00e4ttyj\u00e4 tietoja<\/p>\n<p>SMTP Software Ltd voi ker\u00e4t\u00e4 ja k\u00e4ytt\u00e4\u00e4 k\u00e4ytt\u00e4jien henkil\u00f6tietoja seuraaviin tarkoituksiin:<\/p>\n<p>- Sivustomme parantaminen<br \/>\nVoimme k\u00e4ytt\u00e4\u00e4 antamaasi palautetta parantaaksemme tuotteitamme ja palveluitamme.<br \/>\n- M\u00e4\u00e4r\u00e4aikaisten s\u00e4hk\u00f6postiviestien l\u00e4hett\u00e4minen<br \/>\nJos K\u00e4ytt\u00e4j\u00e4 p\u00e4\u00e4tt\u00e4\u00e4 liitty\u00e4 postituslistallemme, h\u00e4n saa s\u00e4hk\u00f6postiviestej\u00e4, jotka voivat sis\u00e4lt\u00e4\u00e4 yrityksen uutisia, p\u00e4ivityksi\u00e4, tietoja tuotteista tai palveluista jne. Jos K\u00e4ytt\u00e4j\u00e4 haluaa milloin tahansa peruuttaa tilauksensa tulevien s\u00e4hk\u00f6postiviestien vastaanottamisesta, jokaisen s\u00e4hk\u00f6postiviestin alaosassa on yksityiskohtaiset ohjeet tilauksen peruuttamisesta.<\/p>\n<p>Miten suojaamme tietojasi<\/p>\n<p>Otamme k\u00e4ytt\u00f6\u00f6n asianmukaiset tietojen ker\u00e4ys-, tallennus- ja k\u00e4sittelyk\u00e4yt\u00e4nn\u00f6t sek\u00e4 turvatoimenpiteet, joilla suojaamme henkil\u00f6tietojesi, k\u00e4ytt\u00e4j\u00e4tunnuksesi, salasanasi, tapahtumatietojesi ja sivustollemme tallennettujen tietojen luvattomalta k\u00e4yt\u00f6lt\u00e4, muuttamiselta, paljastamiselta tai tuhoamiselta.<\/p>\n<p>Henkil\u00f6kohtaisten tietojen jakaminen<\/p>\n<p>Emme myy, vaihda tai vuokraa K\u00e4ytt\u00e4jien henkil\u00f6kohtaisia tunnistetietoja muille. Voimme jakaa yleisi\u00e4 yhdistettyj\u00e4 demografisia tietoja, joita ei ole yhdistetty k\u00e4vij\u00f6iden ja k\u00e4ytt\u00e4jien tunnistetietoihin, liikekumppaneidemme, luotettavien tyt\u00e4ryhti\u00f6idemme ja mainostajien kanssa edell\u00e4 mainittuja tarkoituksia varten.<\/p>\n<p>Kolmannen osapuolen verkkosivustot<\/p>\n<p>K\u00e4ytt\u00e4j\u00e4t saattavat l\u00f6yt\u00e4\u00e4 sivustollamme mainoksia tai muuta sis\u00e4lt\u00f6\u00e4, jotka johtavat yhteisty\u00f6kumppaneidemme, toimittajiemme, mainostajien, sponsoreiden, lisenssinantajien ja muiden kolmansien osapuolten sivustoille ja palveluihin. Emme valvo n\u00e4ill\u00e4 sivustoilla olevaa sis\u00e4lt\u00f6\u00e4 tai linkkej\u00e4 emmek\u00e4 ole vastuussa Sivustollemme linkitettyjen tai Sivustoltamme l\u00e4htevien sivustojen k\u00e4yt\u00e4nn\u00f6ist\u00e4. Lis\u00e4ksi n\u00e4m\u00e4 sivustot tai palvelut, mukaan lukien niiden sis\u00e4lt\u00f6 ja linkit, saattavat muuttua jatkuvasti. N\u00e4ill\u00e4 sivustoilla ja palveluilla voi olla omat tietosuojak\u00e4yt\u00e4nt\u00f6ns\u00e4 ja asiakaspalveluk\u00e4yt\u00e4nt\u00f6ns\u00e4. Mink\u00e4 tahansa muun verkkosivuston, mukaan lukien verkkosivustot, joilla on linkki Sivustollemme, selaamiseen ja vuorovaikutukseen sovelletaan kyseisen verkkosivuston omia ehtoja ja k\u00e4yt\u00e4nt\u00f6j\u00e4.<\/p>\n<p>Mainonta<\/p>\n<p>Sivustollamme esiintyv\u00e4t mainokset voivat olla k\u00e4ytt\u00e4jille mainoskumppaneiden l\u00e4hett\u00e4mi\u00e4, jotka voivat asettaa ev\u00e4steit\u00e4. N\u00e4iden ev\u00e4steiden avulla mainospalvelin voi tunnistaa tietokoneesi joka kerta, kun se l\u00e4hett\u00e4\u00e4 sinulle verkkomainoksen, jotta se voi koota muita kuin henkil\u00f6kohtaisia tunnistetietoja sinusta tai muista tietokonettasi k\u00e4ytt\u00e4vist\u00e4 henkil\u00f6ist\u00e4. N\u00e4iden tietojen avulla mainosverkostot voivat muun muassa toimittaa kohdennettuja mainoksia, joiden ne uskovat kiinnostavan sinua eniten. T\u00e4m\u00e4 tietosuojak\u00e4yt\u00e4nt\u00f6 ei kata mainostajien ev\u00e4steiden k\u00e4ytt\u00f6\u00e4.<\/p>\n<p>Lasten yksityisyyden suojaa verkossa koskevan lain noudattaminen<\/p>\n<p>Hyvin nuorten yksityisyyden suojaaminen on erityisen t\u00e4rke\u00e4\u00e4. T\u00e4st\u00e4 syyst\u00e4 emme koskaan ker\u00e4\u00e4 tai yll\u00e4pid\u00e4 sivustollamme tietoja henkil\u00f6ilt\u00e4, joiden tied\u00e4mme olevan alle 13-vuotiaita, eik\u00e4 mik\u00e4\u00e4n verkkosivustomme osa ole suunniteltu houkuttelemaan alle 13-vuotiaita.<\/p>\n<p>Muutokset t\u00e4h\u00e4n tietosuojak\u00e4yt\u00e4nt\u00f6\u00f6n<\/p>\n<p>SMTP Software Ltd:ll\u00e4 on oikeus p\u00e4ivitt\u00e4\u00e4 t\u00e4t\u00e4 tietosuojak\u00e4yt\u00e4nt\u00f6\u00e4 milloin tahansa. Kun teemme niin, p\u00e4ivit\u00e4mme p\u00e4ivitetyn p\u00e4iv\u00e4m\u00e4\u00e4r\u00e4n t\u00e4m\u00e4n sivun alareunassa. Kehotamme k\u00e4ytt\u00e4ji\u00e4 tarkistamaan t\u00e4m\u00e4n sivun usein muutosten varalta, jotta he pysyv\u00e4t ajan tasalla siit\u00e4, miten autamme suojaamaan ker\u00e4\u00e4mi\u00e4mme henkil\u00f6tietoja. K\u00e4ytt\u00e4j\u00e4 ymm\u00e4rt\u00e4\u00e4 ja hyv\u00e4ksyy, ett\u00e4 on h\u00e4nen vastuullaan tarkistaa t\u00e4m\u00e4 tietosuojak\u00e4yt\u00e4nt\u00f6 m\u00e4\u00e4r\u00e4ajoin ja olla tietoinen muutoksista.<\/p>\n<p>N\u00e4iden ehtojen hyv\u00e4ksyminen<\/p>\n<p>K\u00e4ytt\u00e4m\u00e4ll\u00e4 t\u00e4t\u00e4 sivustoa hyv\u00e4ksyt t\u00e4m\u00e4n politiikan. Jos et hyv\u00e4ksy t\u00e4t\u00e4 k\u00e4yt\u00e4nt\u00f6\u00e4, \u00e4l\u00e4 k\u00e4yt\u00e4 Sivustoa. Jos jatkat Sivuston k\u00e4ytt\u00f6\u00e4 sen j\u00e4lkeen, kun t\u00e4h\u00e4n k\u00e4yt\u00e4nt\u00f6\u00f6n on tehty muutoksia, katsotaan, ett\u00e4 hyv\u00e4ksyt kyseiset muutokset.<\/p>\n<p>Yhteydenotto meihin<\/p>\n<p>Jos sinulla on kysytt\u00e4v\u00e4\u00e4 t\u00e4st\u00e4 tietosuojak\u00e4yt\u00e4nn\u00f6st\u00e4, t\u00e4m\u00e4n sivuston k\u00e4yt\u00e4nn\u00f6ist\u00e4 tai kanssak\u00e4ymisest\u00e4si t\u00e4m\u00e4n sivuston kanssa, ota meihin yhteytt\u00e4 osoitteeseen:<br \/>\nSMTP Software Ltd, 8 Mount Pleasant, Douglas, Mansaari.<br \/>\nadmin@smtpsoftware.com<\/p>\n<p>T\u00e4m\u00e4 asiakirja on p\u00e4ivitetty viimeksi 24. maaliskuuta 2015.<\/p>","protected":false},"excerpt":{"rendered":"<p>This Privacy Policy governs the manner in which SMTP Software Ltd collects, uses, maintains and discloses information collected from users (each, a &#8220;User&#8221;) of the www.smtp-server.net website (&#8220;Site&#8221;). This privacy policy applies to the Site and all products and services offered by SMTP Software Ltd. Personal identification information We may collect personal identification information from <a href=\"https:\/\/www.smtp-server.net\/fi\/tietosuojakaytanto\/\" rel=\"nofollow\"><span class=\"sr-only\">Read more about Privacy Policy<\/span>[...]<\/a><\/p>","protected":false},"author":1,"featured_media":0,"parent":0,"menu_order":0,"comment_status":"closed","ping_status":"closed","template":"","meta":{"footnotes":""},"class_list":["post-14","page","type-page","status-publish","hentry"],"_links":{"self":[{"href":"https:\/\/www.smtp-server.net\/fi\/wp-json\/wp\/v2\/pages\/14","targetHints":{"allow":["GET"]}}],"collection":[{"href":"https:\/\/www.smtp-server.net\/fi\/wp-json\/wp\/v2\/pages"}],"about":[{"href":"https:\/\/www.smtp-server.net\/fi\/wp-json\/wp\/v2\/types\/page"}],"author":[{"embeddable":true,"href":"https:\/\/www.smtp-server.net\/fi\/wp-json\/wp\/v2\/users\/1"}],"replies":[{"embeddable":true,"href":"https:\/\/www.smtp-server.net\/fi\/wp-json\/wp\/v2\/comments?post=14"}],"version-history":[{"count":1,"href":"https:\/\/www.smtp-server.net\/fi\/wp-json\/wp\/v2\/pages\/14\/revisions"}],"predecessor-version":[{"id":15,"href":"https:\/\/www.smtp-server.net\/fi\/wp-json\/wp\/v2\/pages\/14\/revisions\/15"}],"wp:attachment":[{"href":"https:\/\/www.smtp-server.net\/fi\/wp-json\/wp\/v2\/media?parent=14"}],"curies":[{"name":"wp","href":"https:\/\/api.w.org\/{rel}","templated":true}]}}