{"id":12,"date":"2015-03-24T20:17:32","date_gmt":"2015-03-24T20:17:32","guid":{"rendered":"http:\/\/www.smtp-server.net\/?page_id=12"},"modified":"2015-03-24T21:05:13","modified_gmt":"2015-03-24T21:05:13","slug":"smtp-explique","status":"publish","type":"page","link":"https:\/\/www.smtp-server.net\/fr\/smtp-explique\/","title":{"rendered":"SMTP expliqu\u00e9"},"content":{"rendered":"<p><strong>SMTP - Simple Mail Transfer Protocol (protocole de transfert de courrier simple)<\/strong><\/p>\n<p>De toutes les technologies web existantes, SMTP est probablement celle qui a subi le moins de changements, elle est rest\u00e9e pratiquement telle qu'elle a \u00e9t\u00e9 con\u00e7ue \u00e0 l'origine.  Certes, l'authentification change de temps en temps, mais le c\u0153ur du SMTP est rest\u00e9 constant.  Il a cependant d\u00fb s'adapter, il a fallu faire face au spam, aux listes noires et aux relais ouverts et c'est cette approche \u201cboulonn\u00e9e\u201d qui a entra\u00een\u00e9 l'apparition d'un manque de fiabilit\u00e9. <\/p>\n<p><strong>Que fait le SMTP ?<\/strong><\/p>\n<p>SMTP est le processus par lequel le courrier est transmis entre les serveurs. Si vous avez d\u00e9j\u00e0 envoy\u00e9 un courrier \u00e9lectronique en dehors de votre environnement de travail ferm\u00e9, vous avez utilis\u00e9 SMTP.  Lorsque vous configurez votre client de messagerie, comme Outlook ou Thunderbird, vous devez ajouter un serveur entrant (g\u00e9n\u00e9ralement POP3 ou IMAP) et un serveur sortant (SMTP).  Lorsque vous envoyez votre courrier \u00e9lectronique, il est d\u00e9livr\u00e9 via ce serveur SMTP au serveur du destinataire directement ou via un certain nombre de serveurs interm\u00e9diaires.  D'une mani\u00e8re g\u00e9n\u00e9rale, le SMTP n'est pas s\u00e9curis\u00e9.<\/p>\n<p>Il existe un certain nombre de ports standard sur lesquels un serveur SMTP \u00e9coute. Le port 25 est utilis\u00e9 dans la plupart des cas, mais les ports 587, 465 et 2525 sont \u00e9galement courants.  Des probl\u00e8mes peuvent survenir lorsqu'un fournisseur d'acc\u00e8s bloque le port 25, limitant les utilisateurs \u00e0 son seul serveur SMTP.  Il agit ainsi afin d'emp\u00eacher le SPAM provenant de son r\u00e9seau, mais cette approche \"kill all\" peut causer des probl\u00e8mes aux utilisateurs professionnels.  La pire combinaison est celle d'un FAI qui bloque le port 25 et n'autorise l'acc\u00e8s \u00e0 son serveur SMTP qu'\u00e0 partir d'une plage d'adresses IP sp\u00e9cifique.  Le r\u00e9sultat est un utilisateur qui doit soit utiliser un ensemble diff\u00e9rent de param\u00e8tres lorsqu'il n'utilise pas son FAI pour se connecter, soit ne pas pouvoir envoyer de courrier \u00e9lectronique du tout !  C'est pourquoi plusieurs services ont \u00e9t\u00e9 mis en place dans le seul but de permettre l'utilisation d'un seul serveur SMTP en toutes circonstances, g\u00e9n\u00e9ralement en \u00e9coutant sur des ports diff\u00e9rents des ports SMTP standard.  L'un de ces services est <a href=\"http:\/\/www.smtp-server.net\/fr\/SMTPServer.php\/\" target=\"_blank\" rel=\"nofollow\">SMTP2Go<\/a>.  <\/p>","protected":false},"excerpt":{"rendered":"<p>SMTP &#8211; Simple Mail Transfer Protocol Of all the web technologies out there SMTP is probably the one that has had the least changes, it is still pretty much as it was originally drafted. Sure the authentication changes from time to time but the core of SMTP has remained constant. It has had to adapt <a href=\"https:\/\/www.smtp-server.net\/fr\/smtp-explique\/\" rel=\"nofollow\"><span class=\"sr-only\">Read more about SMTP Explained<\/span>[...]<\/a><\/p>","protected":false},"author":1,"featured_media":0,"parent":0,"menu_order":0,"comment_status":"open","ping_status":"open","template":"","meta":{"footnotes":""},"class_list":["post-12","page","type-page","status-publish","hentry"],"_links":{"self":[{"href":"https:\/\/www.smtp-server.net\/fr\/wp-json\/wp\/v2\/pages\/12","targetHints":{"allow":["GET"]}}],"collection":[{"href":"https:\/\/www.smtp-server.net\/fr\/wp-json\/wp\/v2\/pages"}],"about":[{"href":"https:\/\/www.smtp-server.net\/fr\/wp-json\/wp\/v2\/types\/page"}],"author":[{"embeddable":true,"href":"https:\/\/www.smtp-server.net\/fr\/wp-json\/wp\/v2\/users\/1"}],"replies":[{"embeddable":true,"href":"https:\/\/www.smtp-server.net\/fr\/wp-json\/wp\/v2\/comments?post=12"}],"version-history":[{"count":2,"href":"https:\/\/www.smtp-server.net\/fr\/wp-json\/wp\/v2\/pages\/12\/revisions"}],"predecessor-version":[{"id":19,"href":"https:\/\/www.smtp-server.net\/fr\/wp-json\/wp\/v2\/pages\/12\/revisions\/19"}],"wp:attachment":[{"href":"https:\/\/www.smtp-server.net\/fr\/wp-json\/wp\/v2\/media?parent=12"}],"curies":[{"name":"wp","href":"https:\/\/api.w.org\/{rel}","templated":true}]}}