{"id":10,"date":"2015-03-24T19:56:36","date_gmt":"2015-03-24T19:56:36","guid":{"rendered":"http:\/\/www.smtp-server.net\/?page_id=10"},"modified":"2024-02-27T12:02:03","modified_gmt":"2024-02-27T12:02:03","slug":"bledy-smtp","status":"publish","type":"page","link":"https:\/\/www.smtp-server.net\/pl\/bledy-smtp\/","title":{"rendered":"B\u0142\u0119dy SMTP"},"content":{"rendered":"<p>Simple Mail Transfer Protocol ma wiele powi\u0105zanych kod\u00f3w b\u0142\u0119d\u00f3w, niekt\u00f3re s\u0105 specyficzne dla dostarczania poczty, podczas gdy inne koncentruj\u0105 si\u0119 na stronie po\u0142\u0105czenia.  Oto niekt\u00f3re z bardziej powszechnych b\u0142\u0119d\u00f3w i co mo\u017cna zrobi\u0107, aby pom\u00f3c rozwi\u0105za\u0107 problem:-<\/p>\n<h2>Kody b\u0142\u0119d\u00f3w zaczynaj\u0105ce si\u0119 od 1 - zwi\u0105zane z serwerem<\/h2>\n<p><strong>B\u0142\u0105d SMTP 101<\/strong> - Nie mo\u017cna po\u0142\u0105czy\u0107 si\u0119 z serwerem. Je\u015bli zobaczysz ten b\u0142\u0105d podczas pr\u00f3by wys\u0142ania wiadomo\u015bci e-mail, istnieje prawdopodobie\u0144stwo, \u017ce nieprawid\u0142owo okre\u015bli\u0142e\u015b serwer SMTP. Dok\u0142adnie sprawd\u017a serwer, zw\u0142aszcza prefiks domeny, niekt\u00f3re typowe przyk\u0142ady obejmuj\u0105 mail. smtp. out. mailout. Je\u015bli jeste\u015b pewien, \u017ce masz prawid\u0142owy adres serwera, upewnij si\u0119, \u017ce u\u017cywasz w\u0142a\u015bciwego numeru portu, port 25 jest standardem, ale mo\u017ce powodowa\u0107 w\u0142asne problemy.<\/p>\n<p><strong>B\u0142\u0105d SMTP 111<\/strong> - Odmowa po\u0142\u0105czenia. Podobnie jak w przypadku 101, rozwi\u0105zanie jest r\u00f3wnie\u017c takie samo.<\/p>\n<h2>Kody b\u0142\u0119d\u00f3w zaczynaj\u0105ce si\u0119 od 4 - Problemy z dostarczaniem \/ trasowaniem poczty<\/h2>\n<p><strong>B\u0142\u0105d SMTP 421<\/strong> - Us\u0142uga niedost\u0119pna. Zwykle odnosi si\u0119 to do awarii zdalnego serwera, w zale\u017cno\u015bci od tego, jak wszystko jest skonfigurowane, zwykle powoduje, \u017ce transmisja jest automatycznie ponawiana p\u00f3\u017aniej. Kody 441 i 442 s\u0105 spowodowane podobnymi okoliczno\u015bciami.<\/p>\n<p><strong>B\u0142\u0105d SMTP 447<\/strong> - Czas oczekiwania na wiadomo\u015b\u0107. Pr\u00f3bujesz wys\u0142a\u0107 du\u017c\u0105 list\u0119 mailingow\u0105, prawda? Je\u015bli pojawi si\u0119 ten b\u0142\u0105d, najpierw spr\u00f3buj wys\u0142a\u0107 poczt\u0119 w mniejszych partiach.<\/p>\n<p><strong>B\u0142\u0105d SMTP 450<\/strong> - \u017b\u0105dana akcja zosta\u0142a odrzucona. Jest to b\u0142\u0105d sygnalizuj\u0105cy, \u017ce Tw\u00f3j adres e-mail zosta\u0142 umieszczony na czarnej li\u015bcie, a serwer odbiorcy aktywnie odrzuca wiadomo\u015bci e-mail, kt\u00f3re pr\u00f3bujesz dostarczy\u0107.<\/p>\n<h2>Kody b\u0142\u0119d\u00f3w zaczynaj\u0105ce si\u0119 od A 5 - B\u0142\u0119dy adresowania\/sk\u0142adni SMTP<\/h2>\n<p><strong>B\u0142\u0105d SMTP 500<\/strong> - B\u0142\u0105d sk\u0142adni. Zazwyczaj winny jest program antywirusowy. Mo\u017ce r\u00f3wnie\u017c wyst\u0105pi\u0107 b\u0142\u0105d 501.<\/p>\n<p><strong>B\u0142\u0105d SMTP 503<\/strong> - Z\u0142a sekwencja. W 99 przypadkach na 100 jest to problem z uwierzytelnianiem, serwer SMTP oczekuje okre\u015blonego typu uwierzytelniania, ale klient poczty wysy\u0142a mu inny zestaw polece\u0144.<\/p>\n<p><strong>B\u0142\u0105d SMTP 512<\/strong> - Problem z DNS. Nie mo\u017cna znale\u017a\u0107 serwera pocztowego dla jednego z odbiorc\u00f3w, sprawd\u017a dwukrotnie, czy nie wprowadzi\u0142e\u015b nieprawid\u0142owej domeny.<\/p>\n<p><strong>B\u0142\u0105d SMTP 541<\/strong> - Odbiorca odrzuci\u0142 Twoj\u0105 wiadomo\u015b\u0107. Twoja wiadomo\u015b\u0107 zosta\u0142a odrzucona, najprawdopodobniej przez filtr antyspamowy.<\/p>\n<p><strong>B\u0142\u0105d SMTP 550<\/strong> - Odbiorca nie istnieje. Serwer odbieraj\u0105cy informuje, \u017ce nie ma podanego adresu, w tym przypadku nale\u017cy znale\u017a\u0107 inny spos\u00f3b skontaktowania si\u0119 z dan\u0105 osob\u0105, aby uzyska\u0107 jej prawid\u0142owy adres e-mail.<\/p>\n<p><strong>B\u0142\u0105d SMTP 552<\/strong> - Przekroczono przydzia\u0142 pami\u0119ci. Pr\u00f3bowa\u0142e\u015b wys\u0142a\u0107 wiadomo\u015b\u0107, kt\u00f3ra jest zbyt du\u017ca, spr\u00f3buj usun\u0105\u0107\/zapakowa\u0107 za\u0142\u0105czniki. Szczerze m\u00f3wi\u0105c, jest to rzadkie w przypadku nowoczesnych kont e-mail, ale niekt\u00f3rzy mniejsi dostawcy us\u0142ug internetowych nadal s\u0105 do\u015b\u0107 restrykcyjni, je\u015bli chodzi o limity skrzynek pocztowych i pojedynczych wiadomo\u015bci.<\/p>\n<p><strong>B\u0142\u0105d SMTP 554<\/strong> - Dostarczenie poczty nie powiod\u0142o si\u0119. Jest to sta\u0142y b\u0142\u0105d i spo\u015br\u00f3d wszystkich kod\u00f3w jest tym, kt\u00f3rego najmniej chcesz widzie\u0107. Og\u00f3lnie rzecz bior\u0105c, jest to bardzo dobra wskaz\u00f3wka, \u017ce zosta\u0142e\u015b umieszczony na czarnej li\u015bcie.<\/p>\n<p>Istnieje jeszcze kilka innych kod\u00f3w, wszystkie zaczynaj\u0105ce si\u0119 od 2 s\u0105 generalnie sukcesem \/ aktualizacj\u0105 statusu i nie ma si\u0119 czym martwi\u0107. Problem z niekt\u00f3rymi z powy\u017cszych kod\u00f3w polega na tym, \u017ce mog\u0105 one wymaga\u0107 pewnych danych wej\u015bciowych od dostawcy poczty, czy to dostawcy us\u0142ug internetowych, hosta strony internetowej czy zewn\u0119trznego dostawcy poczty. Wielu z nich ma bardzo ma\u0142e poj\u0119cie o procesie obs\u0142ugi poczty i mo\u017ce sprawi\u0107, \u017ce b\u0119dziesz kr\u0119ci\u0142 si\u0119 w k\u00f3\u0142ko. Z tego powodu zalecamy korzystanie z narz\u0119dzia <a href=\"http:\/\/www.smtp-server.net\/pl\/SMTPServer.php\/\" target=\"_blank\" rel=\"nofollow noopener noreferrer\">Serwer SMTP2Go<\/a>, Ich ca\u0142a dzia\u0142alno\u015b\u0107 polega na dostarczaniu poczty i zawsze zrozumiej\u0105 wszelkie problemy.<\/p>","protected":false},"excerpt":{"rendered":"<p>Simple Mail Transfer Protocol has a number of associated error codes, some are specific to mail delivery whilst others concentrate on the connection side of things.\u00a0 Here are some of the more common errors and what you can to do to help resolve the issue:- Error Codes Starting With A 1 &#8211; Server Related SMTP <a href=\"https:\/\/www.smtp-server.net\/pl\/bledy-smtp\/\" rel=\"nofollow\"><span class=\"sr-only\">Read more about SMTP Errors<\/span>[...]<\/a><\/p>","protected":false},"author":1,"featured_media":0,"parent":0,"menu_order":0,"comment_status":"open","ping_status":"open","template":"","meta":{"footnotes":""},"class_list":["post-10","page","type-page","status-publish","hentry"],"_links":{"self":[{"href":"https:\/\/www.smtp-server.net\/pl\/wp-json\/wp\/v2\/pages\/10","targetHints":{"allow":["GET"]}}],"collection":[{"href":"https:\/\/www.smtp-server.net\/pl\/wp-json\/wp\/v2\/pages"}],"about":[{"href":"https:\/\/www.smtp-server.net\/pl\/wp-json\/wp\/v2\/types\/page"}],"author":[{"embeddable":true,"href":"https:\/\/www.smtp-server.net\/pl\/wp-json\/wp\/v2\/users\/1"}],"replies":[{"embeddable":true,"href":"https:\/\/www.smtp-server.net\/pl\/wp-json\/wp\/v2\/comments?post=10"}],"version-history":[{"count":6,"href":"https:\/\/www.smtp-server.net\/pl\/wp-json\/wp\/v2\/pages\/10\/revisions"}],"predecessor-version":[{"id":350,"href":"https:\/\/www.smtp-server.net\/pl\/wp-json\/wp\/v2\/pages\/10\/revisions\/350"}],"wp:attachment":[{"href":"https:\/\/www.smtp-server.net\/pl\/wp-json\/wp\/v2\/media?parent=10"}],"curies":[{"name":"wp","href":"https:\/\/api.w.org\/{rel}","templated":true}]}}