{"id":12,"date":"2015-03-24T20:17:32","date_gmt":"2015-03-24T20:17:32","guid":{"rendered":"http:\/\/www.smtp-server.net\/?page_id=12"},"modified":"2015-03-24T21:05:13","modified_gmt":"2015-03-24T21:05:13","slug":"wyjasnienie-smtp","status":"publish","type":"page","link":"https:\/\/www.smtp-server.net\/pl\/wyjasnienie-smtp\/","title":{"rendered":"Wyja\u015bnienie protoko\u0142u SMTP"},"content":{"rendered":"<p><strong>SMTP - prosty protok\u00f3\u0142 przesy\u0142ania poczty<\/strong><\/p>\n<p>Spo\u015br\u00f3d wszystkich technologii internetowych SMTP jest prawdopodobnie t\u0105, kt\u00f3ra uleg\u0142a najmniejszym zmianom, nadal jest prawie taka sama, jak pierwotnie.  Oczywi\u015bcie uwierzytelnianie zmienia si\u0119 od czasu do czasu, ale rdze\u0144 SMTP pozosta\u0142 niezmienny.  Musia\u0142 si\u0119 jednak dostosowa\u0107, spam, czarne listy i otwarte przeka\u017aniki musia\u0142y zosta\u0107 rozwi\u0105zane i to w\u0142a\u015bnie podej\u015bcie \u201cbolt on\u201d spowodowa\u0142o wkradni\u0119cie si\u0119 pewnej zawodno\u015bci. <\/p>\n<p><strong>Co robi SMTP?<\/strong><\/p>\n<p>SMTP to proces, za pomoc\u0105 kt\u00f3rego poczta jest przekazywana mi\u0119dzy serwerami, je\u015bli kiedykolwiek wys\u0142a\u0142e\u015b wiadomo\u015b\u0107 e-mail poza zamkni\u0119te \u015brodowisko pracy, to korzysta\u0142e\u015b z SMTP.  Podczas konfigurowania klienta poczty e-mail, takiego jak Outlook lub Thunderbird, b\u0119dziesz musia\u0142 doda\u0107 serwer przychodz\u0105cy (zwykle jest to POP3 lub IMAP) i serwer wychodz\u0105cy, b\u0119dzie to SMTP.  Po wys\u0142aniu wiadomo\u015bci e-mail jest ona dostarczana za po\u015brednictwem tego serwera SMTP bezpo\u015brednio do serwera odbiorcy lub za po\u015brednictwem wielu serwer\u00f3w po\u015brednicz\u0105cych.  Og\u00f3lnie rzecz bior\u0105c, SMTP nie jest bezpieczny.<\/p>\n<p>Istnieje wiele standardowych port\u00f3w, na kt\u00f3rych nas\u0142uchuje serwer SMTP, port 25 jest u\u017cywany w wi\u0119kszo\u015bci przypadk\u00f3w, ale porty 587, 465 i 2525 s\u0105 r\u00f3wnie\u017c powszechne.  Problemy mog\u0105 wyst\u0105pi\u0107, gdy dostawca us\u0142ug internetowych blokuje port 25, ograniczaj\u0105c u\u017cytkownik\u00f3w do korzystania tylko z ich serwera SMTP.  Robi\u0105 to w celu powstrzymania spamu pochodz\u0105cego z ich sieci, ale takie podej\u015bcie mo\u017ce powodowa\u0107 problemy dla u\u017cytkownik\u00f3w biznesowych.  Najgorsz\u0105 kombinacj\u0105 jest dostawca us\u0142ug internetowych, kt\u00f3ry blokuje port 25, a nast\u0119pnie zezwala na dost\u0119p do swojego serwera SMTP tylko z okre\u015blonego zakresu adres\u00f3w IP.  Rezultatem tego jest u\u017cytkownik, kt\u00f3ry albo musi u\u017cy\u0107 innego zestawu ustawie\u0144, gdy nie korzysta z dostawcy us\u0142ug internetowych do \u0142\u0105czenia si\u0119, albo w og\u00f3le nie mo\u017ce wysy\u0142a\u0107 wiadomo\u015bci e-mail!  Z tego powodu kilka us\u0142ug zosta\u0142o skonfigurowanych wy\u0142\u0105cznie z zamiarem umo\u017cliwienia korzystania z jednego serwera SMTP w ka\u017cdych okoliczno\u015bciach, zwykle poprzez nas\u0142uchiwanie na innych portach ni\u017c standardowe porty SMTP.  Jednym z takich przyk\u0142ad\u00f3w jest <a href=\"http:\/\/www.smtp-server.net\/pl\/SMTPServer.php\/\" target=\"_blank\" rel=\"nofollow\">SMTP2Go<\/a>.  <\/p>","protected":false},"excerpt":{"rendered":"<p>SMTP &#8211; Simple Mail Transfer Protocol Of all the web technologies out there SMTP is probably the one that has had the least changes, it is still pretty much as it was originally drafted. Sure the authentication changes from time to time but the core of SMTP has remained constant. It has had to adapt <a href=\"https:\/\/www.smtp-server.net\/pl\/wyjasnienie-smtp\/\" rel=\"nofollow\"><span class=\"sr-only\">Read more about SMTP Explained<\/span>[...]<\/a><\/p>","protected":false},"author":1,"featured_media":0,"parent":0,"menu_order":0,"comment_status":"open","ping_status":"open","template":"","meta":{"footnotes":""},"class_list":["post-12","page","type-page","status-publish","hentry"],"_links":{"self":[{"href":"https:\/\/www.smtp-server.net\/pl\/wp-json\/wp\/v2\/pages\/12","targetHints":{"allow":["GET"]}}],"collection":[{"href":"https:\/\/www.smtp-server.net\/pl\/wp-json\/wp\/v2\/pages"}],"about":[{"href":"https:\/\/www.smtp-server.net\/pl\/wp-json\/wp\/v2\/types\/page"}],"author":[{"embeddable":true,"href":"https:\/\/www.smtp-server.net\/pl\/wp-json\/wp\/v2\/users\/1"}],"replies":[{"embeddable":true,"href":"https:\/\/www.smtp-server.net\/pl\/wp-json\/wp\/v2\/comments?post=12"}],"version-history":[{"count":2,"href":"https:\/\/www.smtp-server.net\/pl\/wp-json\/wp\/v2\/pages\/12\/revisions"}],"predecessor-version":[{"id":19,"href":"https:\/\/www.smtp-server.net\/pl\/wp-json\/wp\/v2\/pages\/12\/revisions\/19"}],"wp:attachment":[{"href":"https:\/\/www.smtp-server.net\/pl\/wp-json\/wp\/v2\/media?parent=12"}],"curies":[{"name":"wp","href":"https:\/\/api.w.org\/{rel}","templated":true}]}}