{"id":12,"date":"2015-03-24T20:17:32","date_gmt":"2015-03-24T20:17:32","guid":{"rendered":"http:\/\/www.smtp-server.net\/?page_id=12"},"modified":"2015-03-24T21:05:13","modified_gmt":"2015-03-24T21:05:13","slug":"smtp-explicado","status":"publish","type":"page","link":"https:\/\/www.smtp-server.net\/pt\/smtp-explicado\/","title":{"rendered":"Explica\u00e7\u00e3o do SMTP"},"content":{"rendered":"<p><strong>SMTP - Protocolo de Transfer\u00eancia de Correio Simples<\/strong><\/p>\n<p>De todas as tecnologias Web existentes, o SMTP \u00e9 provavelmente a que sofreu menos altera\u00e7\u00f5es, mantendo-se praticamente como foi originalmente concebido.  \u00c9 certo que a autentica\u00e7\u00e3o muda de tempos a tempos, mas o n\u00facleo do SMTP manteve-se constante.  No entanto, teve de se adaptar, foi necess\u00e1rio lidar com o spam, as listas negras e as retransmiss\u00f5es abertas, e foi esta abordagem \u201c\u00e0 medida\u201d que causou alguma falta de fiabilidade. <\/p>\n<p><strong>O que \u00e9 que o SMTP faz?<\/strong><\/p>\n<p>O SMTP \u00e9 o processo atrav\u00e9s do qual o correio \u00e9 transmitido entre servidores. Se alguma vez enviou uma mensagem de correio eletr\u00f3nico para fora do seu ambiente de trabalho fechado, ent\u00e3o utilizou o SMTP.  Quando configura o seu cliente de correio eletr\u00f3nico, como o Outlook ou o Thunderbird, \u00e9-lhe pedido que adicione um servidor de entrada (normalmente POP3 ou IMAP) e um servidor de sa\u00edda, que ser\u00e1 o SMTP.  Quando envia a sua mensagem de correio eletr\u00f3nico, esta \u00e9 entregue atrav\u00e9s desse servidor SMTP diretamente ao servidor do destinat\u00e1rio ou atrav\u00e9s de v\u00e1rios servidores interm\u00e9dios.  De um modo geral, o SMTP n\u00e3o \u00e9 seguro.<\/p>\n<p>Existem v\u00e1rias portas padr\u00e3o nas quais um servidor SMTP escuta, sendo a porta 25 utilizada na maioria dos casos, mas as portas 587, 465 e 2525 tamb\u00e9m s\u00e3o comuns.  Podem ocorrer problemas quando um ISP bloqueia a porta 25, restringindo os utilizadores a utilizarem apenas o seu servidor SMTP.  Fazem-no para impedir o SPAM proveniente da sua rede, mas esta abordagem \"mata tudo\" pode causar problemas aos utilizadores empresariais.  A pior combina\u00e7\u00e3o \u00e9 um ISP que bloqueia a porta 25 e depois s\u00f3 permite o acesso ao seu servidor SMTP a partir de um intervalo de IP espec\u00edfico.  O resultado \u00e9 um utilizador que tem de utilizar um conjunto diferente de defini\u00e7\u00f5es quando n\u00e3o est\u00e1 a utilizar o seu ISP para se ligar ou n\u00e3o consegue enviar correio eletr\u00f3nico de todo!  Por este motivo, v\u00e1rios servi\u00e7os foram criados com a \u00fanica inten\u00e7\u00e3o de permitir a utiliza\u00e7\u00e3o de um \u00fanico servidor SMTP em qualquer circunst\u00e2ncia, normalmente atrav\u00e9s da escuta em portas diferentes das portas SMTP normais.  Um exemplo disso \u00e9 o <a href=\"http:\/\/www.smtp-server.net\/pt\/SMTPServer.php\/\" target=\"_blank\" rel=\"nofollow\">SMTP2Go<\/a>.  <\/p>","protected":false},"excerpt":{"rendered":"<p>SMTP &#8211; Simple Mail Transfer Protocol Of all the web technologies out there SMTP is probably the one that has had the least changes, it is still pretty much as it was originally drafted. Sure the authentication changes from time to time but the core of SMTP has remained constant. It has had to adapt <a href=\"https:\/\/www.smtp-server.net\/pt\/smtp-explicado\/\" rel=\"nofollow\"><span class=\"sr-only\">Read more about SMTP Explained<\/span>[...]<\/a><\/p>","protected":false},"author":1,"featured_media":0,"parent":0,"menu_order":0,"comment_status":"open","ping_status":"open","template":"","meta":{"footnotes":""},"class_list":["post-12","page","type-page","status-publish","hentry"],"_links":{"self":[{"href":"https:\/\/www.smtp-server.net\/pt\/wp-json\/wp\/v2\/pages\/12","targetHints":{"allow":["GET"]}}],"collection":[{"href":"https:\/\/www.smtp-server.net\/pt\/wp-json\/wp\/v2\/pages"}],"about":[{"href":"https:\/\/www.smtp-server.net\/pt\/wp-json\/wp\/v2\/types\/page"}],"author":[{"embeddable":true,"href":"https:\/\/www.smtp-server.net\/pt\/wp-json\/wp\/v2\/users\/1"}],"replies":[{"embeddable":true,"href":"https:\/\/www.smtp-server.net\/pt\/wp-json\/wp\/v2\/comments?post=12"}],"version-history":[{"count":2,"href":"https:\/\/www.smtp-server.net\/pt\/wp-json\/wp\/v2\/pages\/12\/revisions"}],"predecessor-version":[{"id":19,"href":"https:\/\/www.smtp-server.net\/pt\/wp-json\/wp\/v2\/pages\/12\/revisions\/19"}],"wp:attachment":[{"href":"https:\/\/www.smtp-server.net\/pt\/wp-json\/wp\/v2\/media?parent=12"}],"curies":[{"name":"wp","href":"https:\/\/api.w.org\/{rel}","templated":true}]}}